{"id":64,"date":"2022-07-02T22:50:35","date_gmt":"2022-07-02T20:50:35","guid":{"rendered":"https:\/\/elektrischer-honig.at\/?page_id=64"},"modified":"2022-07-03T15:20:11","modified_gmt":"2022-07-03T13:20:11","slug":"datenschutzhinweis","status":"publish","type":"page","link":"https:\/\/elektrischer-honig.at\/?page_id=64","title":{"rendered":"Datenschutzhinweis \/ Impressum"},"content":{"rendered":"\n<p class=\"has-medium-font-size\"><strong>Datenschutzhinweis:<\/strong><\/p>\n\n\n\n<p style=\"font-size:16px\">Wir verarbeiten Daten ausschlie\u00dflich auf Grundlage der gesetzlichen Bestimmungen (DSGVO, TKG 2003). In diesen Datenschutzinformationen informieren wir \u00fcber die wichtigsten Aspekte der Datenverarbeitung im Rahmen der Website:<\/p>\n\n\n\n<p><strong>Privatsph\u00e4re und Datenschutz:<\/strong><br>Der Nutzer willigt ein, dass seine Daten wie beispielsweise Name, E-Mail-Adresse, Internet-Adresse, f\u00fcr eigene Werbezwecke gespeichert und verarbeitet werden k\u00f6nnen. Die vom Kunden eingegebenen Daten werden ausschlie\u00dflich f\u00fcr die Gesch\u00e4ftsabwicklung und die Pflege der Kundenbeziehungen genutzt (Newsletter, Anfragen). Ansonsten werden keine Daten an Dritte weitergegeben. Der Nutzer kann diese Einwilligung jederzeit widerrufen. Im \u00dcbrigen kann der Nutzer die gespeicherten Daten bei uns abfragen, \u00e4ndern oder l\u00f6schen lassen.<br>Alle Daten werden vertraulich behandelt und verbleiben rein in unserem Unternehmen.<br>Kontakt mit uns:<br>Wenn per Formular auf der Website oder per E-Mail Kontakt mit uns aufgenommen wird, werden die angegebenen Daten zwecks Bearbeitung der Anfrage und f\u00fcr den Fall von Anschlussfragen gespeichert. Diese Daten werden nicht ohne Nutzereinwilligung weitergegeben.<\/p>\n\n\n\n<p><strong>Newsletter:<\/strong><br>Demn\u00e4chst besteht die M\u00f6glichkeit, \u00fcber unsere Website unseren Newsletter zu abonnieren. Hierf\u00fcr ben\u00f6tigen wir Ihre E-Mail-Adresse und Ihre Erkl\u00e4rung, dass Sie mit dem Bezug des Newsletters einverstanden sind.<br>Sobald Sie sich f\u00fcr den Newsletter angemeldet haben, senden wir Ihnen ein Best\u00e4tigungs-E-Mail mit einem Link zur Best\u00e4tigung der Anmeldung.<br>Das Abo des Newsletters k\u00f6nnen Sie jederzeit stornieren.<br>Wir l\u00f6schen anschlie\u00dfend umgehend Ihre Daten im Zusammenhang mit dem Newsletter-Versand.<br>Weitere Informationen folgen sobald der Newsletter verf\u00fcgbar ist.<\/p>\n\n\n\n<p><strong>Cookies:<\/strong><br>Unsere Website verwendet so genannte Cookies. Dabei handelt es sich um kleine Textdateien, die mit Hilfe des Browsers auf Ihrem Endger\u00e4t abgelegt werden. Sie richten keinen Schaden an.<br>Wir nutzen Cookies dazu, unser Angebot nutzerfreundlich zu gestalten. Einige Cookies bleiben auf Ihrem Endger\u00e4t gespeichert, bis Sie diese l\u00f6schen. Sie erm\u00f6glichen es uns, Ihren Browser beim n\u00e4chsten Besuch wiederzuerkennen.<br>Wenn Sie dies nicht w\u00fcnschen, so k\u00f6nnen Sie Ihren Browser so einrichten, dass er Sie \u00fcber das Setzen von Cookies informiert und Sie dies nur im Einzelfall erlauben.<br>Bei der Deaktivierung von Cookies kann die Funktionalit\u00e4t unserer Website eingeschr\u00e4nkt sein.<\/p>\n\n\n\n<p><strong>Ihre Rechte:<\/strong><br>Ihnen stehen grunds\u00e4tzlich die Rechte auf Auskunft, Berichtigung, L\u00f6schung, Einschr\u00e4nkung, Daten\u00fcbertragbarkeit, Widerruf und Widerspruch zu. Wenn Sie glauben, dass die Verarbeitung Ihrer Daten gegen das Datenschutzrecht verst\u00f6\u00dft oder Ihre datenschutzrechtlichen Anspr\u00fcche sonst in einer Weise verletzt worden sind, k\u00f6nnen Sie sich bei der Aufsichtsbeh\u00f6rde beschweren. In \u00d6sterreich ist dies die Datenschutzbeh\u00f6rde.<\/p>\n\n\n\n<hr class=\"wp-block-separator has-alpha-channel-opacity\"\/>\n\n\n\n<p class=\"has-medium-font-size\"><strong>Impressum:<\/strong><\/p>\n\n\n\n<p style=\"font-size:15px\">elektrischer Honig<br>Blechturmgasse 16<br>1040 Wien<br>\u00d6sterreich<br>admin(at)elektrischer-honig.at<\/p>\n\n\n\n<p><strong>Zweck dieser Website:<\/strong><br>Informationen zur Band elektrischer Honig. <\/p>\n\n\n\n<p><strong>Haftungsausschluss und Rechtshinweis, Inhalt des Onlineangebotes:<\/strong><br>Der Autor \u00fcbernimmt keinerlei Gew\u00e4hr f\u00fcr die Aktualit\u00e4t, Korrektheit, Vollst\u00e4ndigkeit oder Qualit\u00e4t der bereitgestellten Informationen. Haftungsanspr\u00fcche gegen den Autor, welche sich auf Sch\u00e4den materieller oder ideeller Art beziehen, die durch die Nutzung oder Nichtnutzung der dargebotenen Informationen bzw. durch die Nutzung fehlerhafter und unvollst\u00e4ndiger Informationen verursacht wurden sind grunds\u00e4tzlich ausgeschlossen, sofern seitens des Autors kein nachweislich vors\u00e4tzliches oder grob fahrl\u00e4ssiges Verschulden vorliegt. Alle Angebote sind freibleibend und unverbindlich. Der Autor beh\u00e4lt es sich ausdr\u00fccklich vor, Teile der Seiten oder das gesamte Angebot ohne gesonderte Ank\u00fcndigung zu ver\u00e4ndern, zu erg\u00e4nzen, zu l\u00f6schen oder die Ver\u00f6ffentlichung zeitweise oder endg\u00fcltig einzustellen.<\/p>\n\n\n\n<p><strong>Verweise und Links:<\/strong><br>Bei direkten oder indirekten Verweisen auf fremde Internetseiten (\u201eLinks\u201c), die au\u00dferhalb des Verantwortungsbereiches des Autors liegen, w\u00fcrde eine Haftungsverpflichtung ausschlie\u00dflich in dem Fall in Kraft treten, in dem der Autor von den Inhalten Kenntnis hat und es ihm technisch m\u00f6glich und zumutbar w\u00e4re, die Nutzung im Falle rechtswidriger Inhalte zu verhindern. Der Autor erkl\u00e4rt daher ausdr\u00fccklich, dass zum Zeitpunkt der Linksetzung die entsprechenden verlinkten Seiten frei von illegalen Inhalten waren. Der Autor hat keinerlei Einfluss auf die aktuelle und zuk\u00fcnftige Gestaltung und auf die Inhalte der verkn\u00fcpften Seiten. Deshalb distanziert er sich hiermit ausdr\u00fccklich von allen Inhalten aller verkn\u00fcpften Seiten, die nach der Linksetzung ver\u00e4ndert wurden. Diese Feststellung gilt f\u00fcr alle innerhalb des eigenen Internetangebotes gesetzten Links und Verweise sowie f\u00fcr Fremdeintr\u00e4ge in vom Autor eingerichteten G\u00e4steb\u00fcchern, Diskussionsforen und Mailinglisten. F\u00fcr illegale, fehlerhafte oder unvollst\u00e4ndige Inhalte und insbesondere f\u00fcr Sch\u00e4den, die aus der Nutzung oder Nichtnutzung solcherart dargebotener Informationen entstehen, haftet allein der Anbieter der Seite, auf welche verwiesen wurde, nicht derjenige, der \u00fcber Links auf die jeweilige Ver\u00f6ffentlichung lediglich verweist.<\/p>\n\n\n\n<p><strong>Urheber- und Kennzeichenrecht:<\/strong><br>Der Autor ist bestrebt, in allen Publikationen die Urheberrechte der verwendeten Grafiken, Tondokumente, Videosequenzen und Texte zu beachten, von ihm selbst erstellte Grafiken, Tondokumente, Videosequenzen und Texte zu nutzen oder auf lizenzfreie Grafiken, Tondokumente, Videosequenzen und Texte zur\u00fcckzugreifen. Alle innerhalb des Internetangebotes genannten und ggf. durch Dritte gesch\u00fctzten Marken- und Warenzeichen unterliegen uneingeschr\u00e4nkt den Bestimmungen des jeweils g\u00fcltigen Kennzeichenrechts und den Besitzrechten der jeweiligen eingetragenen Eigent\u00fcmer. Allein aufgrund der blo\u00dfen Nennung ist nicht der Schluss zu ziehen, dass Markenzeichen nicht durch Rechte Dritter gesch\u00fctzt sind!<\/p>\n\n\n\n<p><strong>Gender und Sprache:<\/strong><br>Im Sinne einer leichteren Lesbarkeit sind die verwendeten Begriffe, Bezeichnungen und Funktionstitel zum Teil nur in einer geschlechtsspezifischen Formulierung ausgef\u00fchrt. Selbstverst\u00e4ndlich richtet sich der Inhalt dieser Webseite jedoch an Frauen und M\u00e4nner gleicherma\u00dfen. Weiters haben wir unter Ber\u00fccksichtigung der Barrierefreiheit im Sinne des Behindertengleichstellungsgesetzes darauf geachtet, dass unsere Texte und der Aufbau der Webseite f\u00fcr alle Menschen gleicherma\u00dfen lesbar und verst\u00e4ndlich sind.<\/p>\n\n\n\n<p><strong>Rechtswirksamkeit dieses Haftungsausschlusses:<\/strong><br>Dieser Haftungsausschluss ist als Teil des Internetangebotes zu betrachten, von dem aus auf diese Seite verwiesen wurde. Sofern Teile oder einzelne Formulierungen dieses Textes der geltenden Rechtslage nicht, nicht mehr oder nicht vollst\u00e4ndig entsprechen sollten, bleiben die \u00fcbrigen Teile des Dokumentes in ihrem Inhalt und ihrer G\u00fcltigkeit davon unber\u00fchrt.<\/p>\n","protected":false},"excerpt":{"rendered":"<p>Datenschutzhinweis: Wir verarbeiten Daten ausschlie\u00dflich auf Grundlage der gesetzlichen Bestimmungen (DSGVO, TKG 2003). In diesen Datenschutzinformationen informieren wir \u00fcber die wichtigsten Aspekte der Datenverarbeitung im Rahmen der Website: Privatsph\u00e4re und Datenschutz:Der Nutzer willigt ein, dass seine Daten wie beispielsweise Name, E-Mail-Adresse, Internet-Adresse, f\u00fcr eigene Werbezwecke gespeichert und verarbeitet werden k\u00f6nnen. Die vom Kunden eingegebenen Daten &hellip; <\/p>\n<p class=\"link-more\"><a href=\"https:\/\/elektrischer-honig.at\/?page_id=64\" class=\"more-link\"><span class=\"screen-reader-text\">\u201eDatenschutzhinweis \/ Impressum\u201c<\/span> weiterlesen<\/a><\/p>\n","protected":false},"author":1,"featured_media":0,"parent":0,"menu_order":0,"comment_status":"closed","ping_status":"closed","template":"","meta":[],"_links":{"self":[{"href":"https:\/\/elektrischer-honig.at\/index.php?rest_route=\/wp\/v2\/pages\/64"}],"collection":[{"href":"https:\/\/elektrischer-honig.at\/index.php?rest_route=\/wp\/v2\/pages"}],"about":[{"href":"https:\/\/elektrischer-honig.at\/index.php?rest_route=\/wp\/v2\/types\/page"}],"author":[{"embeddable":true,"href":"https:\/\/elektrischer-honig.at\/index.php?rest_route=\/wp\/v2\/users\/1"}],"replies":[{"embeddable":true,"href":"https:\/\/elektrischer-honig.at\/index.php?rest_route=%2Fwp%2Fv2%2Fcomments&post=64"}],"version-history":[{"count":4,"href":"https:\/\/elektrischer-honig.at\/index.php?rest_route=\/wp\/v2\/pages\/64\/revisions"}],"predecessor-version":[{"id":142,"href":"https:\/\/elektrischer-honig.at\/index.php?rest_route=\/wp\/v2\/pages\/64\/revisions\/142"}],"wp:attachment":[{"href":"https:\/\/elektrischer-honig.at\/index.php?rest_route=%2Fwp%2Fv2%2Fmedia&parent=64"}],"curies":[{"name":"wp","href":"https:\/\/api.w.org\/{rel}","templated":true}]}}